{"id":229,"date":"2026-01-03T00:07:23","date_gmt":"2026-01-02T23:07:23","guid":{"rendered":"https:\/\/atelierdecandouce.fr\/?page_id=229"},"modified":"2026-03-25T22:14:42","modified_gmt":"2026-03-25T21:14:42","slug":"a-propos","status":"publish","type":"page","link":"https:\/\/atelierdecandouce.fr\/index.php\/a-propos\/","title":{"rendered":"INFORMATIONS"},"content":{"rendered":"\t\t<div data-elementor-type=\"wp-page\" data-elementor-id=\"229\" class=\"elementor elementor-229\">\n\t\t\t\t<div class=\"elementor-element elementor-element-a94097b e-flex e-con-boxed e-con e-parent\" data-id=\"a94097b\" data-element_type=\"container\" data-e-type=\"container\">\n\t\t\t\t\t<div class=\"e-con-inner\">\n\t\t\t\t<div class=\"elementor-element elementor-element-6aff1abc elementor-widget elementor-widget-text-editor\" data-id=\"6aff1abc\" data-element_type=\"widget\" data-e-type=\"widget\" data-widget_type=\"text-editor.default\">\n\t\t\t\t<div class=\"elementor-widget-container\">\n\t\t\t\t\t\t\t\t\t\n<div class=\"wp-block-ive-separator aligncenter undefined ive-separator-_066941-e9\">\n<div class=\"ive-separator ive-separator-halign-center\"><hr class=\"ive-separator-hr float-xl-center float-lg-center float-sm-center float-center\" \/><\/div>\n<\/div>\n\n<div class=\"wp-block-group alignfull is-content-justification-center\" style=\"margin-top: 0; margin-bottom: 0; padding: calc( 0.5 * var(--wp--style--root--padding-right, var(--wp--custom--gap--horizontal))) var(--wp--style--root--padding-right, var(--wp--custom--gap--horizontal)) calc( 0.5 * var(--wp--style--root--padding-right, var(--wp--custom--gap--horizontal))) var(--wp--style--root--padding-left, var(--wp--custom--gap--horizontal));\"><div class=\"wp-block-group__inner-container is-layout-constrained wp-container-core-group-is-layout-b073b61b wp-block-group-is-layout-constrained\">\n<div class=\"wp-block-spacer\" style=\"height: calc( 0.25 * var(--wp--style--root--padding-right, var(--wp--custom--gap--horizontal)));\" aria-hidden=\"true\">\u00a0<\/div>\n\n<h2 class=\"wp-block-heading has-text-align-center\"><mark class=\"has-inline-color has-primary-color\" style=\"background-color: rgba(0, 0, 0, 0);\">LES FLEURS<\/mark><\/h2>\n\n<div class=\"wp-block-columns alignwide is-layout-flex wp-container-core-columns-is-layout-6aa4370a wp-block-columns-is-layout-flex\">\n<div class=\"wp-block-column is-vertically-aligned-center is-content-justification-left is-layout-constrained wp-container-core-column-is-layout-1c92c9cf wp-block-column-is-layout-constrained\" style=\"flex-basis: 40%;\">\n<p><strong>Je ne cueille jamais les fleurs au hasard.<\/strong><\/p>\n\n<p>\ud83c\udf31 Certaines fleurs, comme les myosotis des Vosges, sont issues de graines que je conserve et replante ann\u00e9e apr\u00e8s ann\u00e9e.<\/p>\n\n<p>\ud83c\udf43 D\u2019autres sont glan\u00e9es avec pr\u00e9caution : foug\u00e8res en for\u00eat, boutons d\u2019or dans les prairies\u2026 toujours en prenant soin de <strong>ne pas perturber l\u2019\u00e9cosyst\u00e8me<\/strong>.<\/p>\n\n<p>Chaque fleur est ensuite s\u00e9ch\u00e9e avec soin, selon une technique adapt\u00e9e \u00e0 sa nature, pour que sa couleur se fige et soit mise en valeur dans les bijoux.<\/p>\n<\/div>\n\n<div class=\"wp-block-column is-layout-flow wp-block-column-is-layout-flow\">\n<figure class=\"wp-block-image size-full is-resized is-style-default\"><img fetchpriority=\"high\" decoding=\"async\" width=\"1440\" height=\"1920\" class=\"wp-image-253\" style=\"aspect-ratio: 1; object-fit: cover; width: 330px;\" src=\"http:\/\/atelierdecandouce.fr\/wp-content\/uploads\/2026\/01\/P1043745-rotated.jpg\" alt=\"\" srcset=\"https:\/\/atelierdecandouce.fr\/wp-content\/uploads\/2026\/01\/P1043745-rotated.jpg 1440w, https:\/\/atelierdecandouce.fr\/wp-content\/uploads\/2026\/01\/P1043745-rotated-600x800.jpg 600w, https:\/\/atelierdecandouce.fr\/wp-content\/uploads\/2026\/01\/P1043745-225x300.jpg 225w, https:\/\/atelierdecandouce.fr\/wp-content\/uploads\/2026\/01\/P1043745-768x1024.jpg 768w, https:\/\/atelierdecandouce.fr\/wp-content\/uploads\/2026\/01\/P1043745-1152x1536.jpg 1152w\" sizes=\"(max-width: 1440px) 100vw, 1440px\" \/><\/figure>\n\n<div class=\"wp-block-columns alignwide is-layout-flex wp-container-core-columns-is-layout-3cc86ecb wp-block-columns-is-layout-flex\">\n<div class=\"wp-block-column is-layout-flow wp-block-column-is-layout-flow\">\u00a0<\/div>\n<\/div>\n<\/div>\n<\/div>\n<\/div><\/div>\n\n<div class=\"wp-block-ive-separator aligncenter undefined ive-separator-_5e9d22-a7\">\n<div class=\"ive-separator ive-separator-halign-center\"><hr class=\"ive-separator-hr float-xl-center float-lg-center float-sm-center float-center\" \/><\/div>\n<\/div>\n\n<div class=\"wp-block-group alignfull is-content-justification-center\" style=\"margin-top: 0; margin-bottom: 0; padding: calc( 0.5 * var(--wp--style--root--padding-right, var(--wp--custom--gap--horizontal))) var(--wp--style--root--padding-right, var(--wp--custom--gap--horizontal)) calc( 0.5 * var(--wp--style--root--padding-right, var(--wp--custom--gap--horizontal))) var(--wp--style--root--padding-left, var(--wp--custom--gap--horizontal));\"><div class=\"wp-block-group__inner-container is-layout-constrained wp-container-core-group-is-layout-b073b61b wp-block-group-is-layout-constrained\">\n<h2 class=\"wp-block-heading alignwide has-text-align-center\"><mark class=\"has-inline-color has-primary-color\" style=\"background-color: rgba(0, 0, 0, 0);\">CONSEILS ET ENTRETIEN<\/mark><\/h2>\n\n<div class=\"wp-block-spacer\" style=\"height: 0px;\" aria-hidden=\"true\">\u00a0<\/div>\n\n<div class=\"wp-block-columns alignwide are-vertically-aligned-center is-layout-flex wp-container-core-columns-is-layout-6aa4370a wp-block-columns-is-layout-flex\">\n<div class=\"wp-block-column is-vertically-aligned-center is-layout-flow wp-block-column-is-layout-flow\"><div class=\"wp-block-image\">\n<figure class=\"aligncenter size-full is-resized\"><img decoding=\"async\" width=\"1512\" height=\"1925\" class=\"wp-image-262\" style=\"aspect-ratio: 1; object-fit: cover; width: 330px;\" src=\"https:\/\/atelierdecandouce.fr\/wp-content\/uploads\/2026\/01\/1887526f-3865-4536-ab41-7ece217ee76b.jpg\" alt=\"\" srcset=\"https:\/\/atelierdecandouce.fr\/wp-content\/uploads\/2026\/01\/1887526f-3865-4536-ab41-7ece217ee76b.jpg 1512w, https:\/\/atelierdecandouce.fr\/wp-content\/uploads\/2026\/01\/1887526f-3865-4536-ab41-7ece217ee76b-600x764.jpg 600w, https:\/\/atelierdecandouce.fr\/wp-content\/uploads\/2026\/01\/1887526f-3865-4536-ab41-7ece217ee76b-236x300.jpg 236w, https:\/\/atelierdecandouce.fr\/wp-content\/uploads\/2026\/01\/1887526f-3865-4536-ab41-7ece217ee76b-804x1024.jpg 804w, https:\/\/atelierdecandouce.fr\/wp-content\/uploads\/2026\/01\/1887526f-3865-4536-ab41-7ece217ee76b-768x978.jpg 768w, https:\/\/atelierdecandouce.fr\/wp-content\/uploads\/2026\/01\/1887526f-3865-4536-ab41-7ece217ee76b-1206x1536.jpg 1206w\" sizes=\"(max-width: 1512px) 100vw, 1512px\" \/><\/figure>\n<\/div><\/div>\n\n<div class=\"wp-block-column is-vertically-aligned-center is-layout-flow wp-block-column-is-layout-flow\">\n<p><strong>La r\u00e9sine \u00e9poxy<\/strong> prot\u00e8ge les fleurs s\u00e9ch\u00e9es et leur s\u00e9chage, tandis que<strong> l\u2019acier inoxydable<\/strong> assure la solidit\u00e9 des contours et des montures pour des bijoux qui durent.<\/p>\n\n<p>\ud83d\udca7 Au quotidien<br \/>R\u00e9sistants \u00e0 l\u2019eau, ils vous accompagnent partout.<\/p>\n\n<p>\u274c \u00c0 \u00e9viter<br \/>Eau sal\u00e9e, piscine au chlore et produits chimiques.<\/p>\n\n<div class=\"wp-block-buttons is-layout-flex wp-block-buttons-is-layout-flex\"><\/div>\n<\/div>\n<\/div>\n\n<div class=\"wp-block-spacer\" style=\"height: calc( 0.25 * var(--wp--style--root--padding-right, var(--wp--custom--gap--horizontal)));\" aria-hidden=\"true\">\u00a0<\/div>\n<\/div><\/div>\n\n<div class=\"wp-block-ive-separator aligncenter undefined ive-separator-_58b239-4a\">\n<div class=\"ive-separator ive-separator-halign-center\"><hr class=\"ive-separator-hr float-xl-center float-lg-center float-sm-center float-center\" \/><\/div>\n<\/div>\n\n<div class=\"wp-block-group alignfull is-content-justification-center\" style=\"margin-top: 0; margin-bottom: 0; padding: calc( 0.5 * var(--wp--style--root--padding-right, var(--wp--custom--gap--horizontal))) var(--wp--style--root--padding-right, var(--wp--custom--gap--horizontal)) calc( 0.5 * var(--wp--style--root--padding-right, var(--wp--custom--gap--horizontal))) var(--wp--style--root--padding-left, var(--wp--custom--gap--horizontal));\"><div class=\"wp-block-group__inner-container is-layout-constrained wp-container-core-group-is-layout-b073b61b wp-block-group-is-layout-constrained\">\n<div class=\"wp-block-spacer\" style=\"height: calc( 0.25 * var(--wp--style--root--padding-right, var(--wp--custom--gap--horizontal)));\" aria-hidden=\"true\">\u00a0<\/div>\n\n<h2 class=\"wp-block-heading has-text-align-center\"><mark class=\"has-inline-color has-primary-color\" style=\"background-color: rgba(0, 0, 0, 0);\">LA CREATRICE<\/mark><\/h2>\n<div class=\"wp-block-image\">\n<figure class=\"aligncenter size-full is-resized has-custom-border\"><img decoding=\"async\" width=\"2560\" height=\"1116\" class=\"wp-image-259\" style=\"border-radius: 100em; aspect-ratio: 1; object-fit: cover; width: 208px; height: auto;\" src=\"https:\/\/atelierdecandouce.fr\/wp-content\/uploads\/2026\/01\/1767454637384-scaled.jpg\" alt=\"\" srcset=\"https:\/\/atelierdecandouce.fr\/wp-content\/uploads\/2026\/01\/1767454637384-scaled.jpg 2560w, https:\/\/atelierdecandouce.fr\/wp-content\/uploads\/2026\/01\/1767454637384-scaled-600x262.jpg 600w, https:\/\/atelierdecandouce.fr\/wp-content\/uploads\/2026\/01\/1767454637384-300x131.jpg 300w, https:\/\/atelierdecandouce.fr\/wp-content\/uploads\/2026\/01\/1767454637384-1024x447.jpg 1024w, https:\/\/atelierdecandouce.fr\/wp-content\/uploads\/2026\/01\/1767454637384-768x335.jpg 768w, https:\/\/atelierdecandouce.fr\/wp-content\/uploads\/2026\/01\/1767454637384-1536x670.jpg 1536w, https:\/\/atelierdecandouce.fr\/wp-content\/uploads\/2026\/01\/1767454637384-2048x893.jpg 2048w\" sizes=\"(max-width: 2560px) 100vw, 2560px\" \/><\/figure>\n<\/div>\n<div class=\"wp-block-group alignwide\"><div class=\"wp-block-group__inner-container is-layout-constrained wp-container-core-group-is-layout-ea1a8c23 wp-block-group-is-layout-constrained\">\n<p class=\"has-text-align-center\">\u201cJ\u2019ai commenc\u00e9 par amour pour la nature et les savoir-faire artisanaux.<\/p>\n\n<p class=\"has-text-align-center\">J\u2019aime le temps long de la r\u00e9colte des fleurs et de leur s\u00e9chage sur plusieurs mois. J&rsquo;aime le travail minutieux et cr\u00e9atif de leur mise en valeur.<\/p>\n\n<p class=\"has-text-align-center\">Chaque pi\u00e8ce est pens\u00e9e pour \u00eatre unique et durable, racontant une histoire \u2014 celle de la nature, de sa patience, et du soin apport\u00e9 \u00e0 chaque \u00e9tape.\u201d<\/p>\n\n<div class=\"wp-block-spacer\" style=\"height: 0px;\" aria-hidden=\"true\">\u00a0<\/div>\n<\/div><\/div>\n<\/div><\/div>\n\n<div class=\"wp-block-spacer\" style=\"height: 8px;\" aria-hidden=\"true\">\u00a0<\/div>\n\t\t\t\t\t\t\t\t<\/div>\n\t\t\t\t<\/div>\n\t\t\t\t\t<\/div>\n\t\t\t\t<\/div>\n\t\t\t\t<\/div>\n\t\t","protected":false},"excerpt":{"rendered":"<p>LES FLEURS Je ne cueille jamais les fleurs au hasard. \ud83c\udf31 Certaines fleurs, comme les myosotis des Vosges, sont issues de graines que je conserve et replante ann\u00e9e apr\u00e8s ann\u00e9e. \ud83c\udf43 D\u2019autres sont glan\u00e9es avec pr\u00e9caution : foug\u00e8res en for\u00eat, boutons d\u2019or dans les prairies\u2026 toujours en prenant soin de ne pas perturber l\u2019\u00e9cosyst\u00e8me. Chaque [&hellip;]<\/p>\n","protected":false},"author":1,"featured_media":0,"parent":0,"menu_order":0,"comment_status":"closed","ping_status":"closed","template":"","meta":{"_regular_price":[],"currency_symbol":[],"footnotes":""},"class_list":["post-229","page","type-page","status-publish","hentry","entry","owp-thumbs-layout-horizontal","owp-btn-normal","owp-tabs-layout-horizontal","has-no-thumbnails","has-product-nav"],"post_slider_layout_featured_media_urls":{"thumbnail":"","post_slider_layout_landscape_large":"","post_slider_layout_portrait_large":"","post_slider_layout_square_large":"","post_slider_layout_landscape":"","post_slider_layout_portrait":"","post_slider_layout_square":"","full":""},"_links":{"self":[{"href":"https:\/\/atelierdecandouce.fr\/index.php\/wp-json\/wp\/v2\/pages\/229","targetHints":{"allow":["GET"]}}],"collection":[{"href":"https:\/\/atelierdecandouce.fr\/index.php\/wp-json\/wp\/v2\/pages"}],"about":[{"href":"https:\/\/atelierdecandouce.fr\/index.php\/wp-json\/wp\/v2\/types\/page"}],"author":[{"embeddable":true,"href":"https:\/\/atelierdecandouce.fr\/index.php\/wp-json\/wp\/v2\/users\/1"}],"replies":[{"embeddable":true,"href":"https:\/\/atelierdecandouce.fr\/index.php\/wp-json\/wp\/v2\/comments?post=229"}],"version-history":[{"count":49,"href":"https:\/\/atelierdecandouce.fr\/index.php\/wp-json\/wp\/v2\/pages\/229\/revisions"}],"predecessor-version":[{"id":550,"href":"https:\/\/atelierdecandouce.fr\/index.php\/wp-json\/wp\/v2\/pages\/229\/revisions\/550"}],"wp:attachment":[{"href":"https:\/\/atelierdecandouce.fr\/index.php\/wp-json\/wp\/v2\/media?parent=229"}],"curies":[{"name":"wp","href":"https:\/\/api.w.org\/{rel}","templated":true}]}}